{"id":21032,"date":"2015-11-02T12:35:38","date_gmt":"2015-11-02T11:35:38","guid":{"rendered":"http:\/\/www.xclean.at\/portal\/?post_type=product&#038;p=21032"},"modified":"2018-02-19T11:50:08","modified_gmt":"2018-02-19T10:50:08","slug":"variopackspender-hero-2-l","status":"publish","type":"product","link":"https:\/\/www.xclean.at\/portal\/produkt\/variopackspender-hero-2-l\/","title":{"rendered":"Variopackspender HERO 2 L"},"content":{"rendered":"<p>Aus schlagfestem und glasfaserverst\u00e4rktem Kunststoff , strapazierf\u00e4hig. Unkomplizierte Installation. Gro\u00dfe Bedienfl\u00e4che. Mit Stecksystem zur Pumphubregulierung. Einfacher Beh\u00e4lterwechsel. F\u00fcr alle Beutelfl aschen.<\/p>\n","protected":false},"excerpt":{"rendered":"<p>Aus schlagfestem und glasfaserverst\u00e4rktem Kunststoff , strapazierf\u00e4hig.<\/p>\n","protected":false},"featured_media":132427,"comment_status":"open","ping_status":"closed","template":"","meta":{"_exactmetrics_skip_tracking":false,"_exactmetrics_sitenote_active":false,"_exactmetrics_sitenote_note":"","_exactmetrics_sitenote_category":0},"product_brand":[],"product_cat":[60],"product_tag":[],"class_list":{"0":"post-21032","1":"product","2":"type-product","3":"status-publish","4":"has-post-thumbnail","6":"product_cat-hautschutz","8":"first","9":"instock","10":"shipping-taxable","11":"purchasable","12":"product-type-simple"},"_links":{"self":[{"href":"https:\/\/www.xclean.at\/portal\/wp-json\/wp\/v2\/product\/21032"}],"collection":[{"href":"https:\/\/www.xclean.at\/portal\/wp-json\/wp\/v2\/product"}],"about":[{"href":"https:\/\/www.xclean.at\/portal\/wp-json\/wp\/v2\/types\/product"}],"replies":[{"embeddable":true,"href":"https:\/\/www.xclean.at\/portal\/wp-json\/wp\/v2\/comments?post=21032"}],"wp:featuredmedia":[{"embeddable":true,"href":"https:\/\/www.xclean.at\/portal\/wp-json\/wp\/v2\/media\/132427"}],"wp:attachment":[{"href":"https:\/\/www.xclean.at\/portal\/wp-json\/wp\/v2\/media?parent=21032"}],"wp:term":[{"taxonomy":"product_brand","embeddable":true,"href":"https:\/\/www.xclean.at\/portal\/wp-json\/wp\/v2\/product_brand?post=21032"},{"taxonomy":"product_cat","embeddable":true,"href":"https:\/\/www.xclean.at\/portal\/wp-json\/wp\/v2\/product_cat?post=21032"},{"taxonomy":"product_tag","embeddable":true,"href":"https:\/\/www.xclean.at\/portal\/wp-json\/wp\/v2\/product_tag?post=21032"}],"curies":[{"name":"wp","href":"https:\/\/api.w.org\/{rel}","templated":true}]}}