{"id":21060,"date":"2015-11-02T14:02:44","date_gmt":"2015-11-02T13:02:44","guid":{"rendered":"http:\/\/www.xclean.at\/portal\/?post_type=product&#038;p=21060"},"modified":"2019-11-24T13:58:46","modified_gmt":"2019-11-24T12:58:46","slug":"polish-wax","status":"publish","type":"product","link":"https:\/\/www.xclean.at\/portal\/produkt\/polish-wax\/","title":{"rendered":"Polish &#038; Wax"},"content":{"rendered":"<p>Polish &amp; Wax ist eine Hochglanzfinish-Politur f\u00fcr dauerhaften und brillanten Tiefenglanz. Entfernt Grauschleier und Polierwolken. Sorgt f\u00fcr kr\u00e4ft ige Farben, dauerhafte Langzeitversiegelung und extremen Wasser-Abperl- Effekt. Ein perfektes Lackfinish, das auch nach vielen W\u00e4schen noch anh\u00e4lt, da der Lack optimal versiegelt wurde.<\/p>\n","protected":false},"excerpt":{"rendered":"<p>Polish &amp; Wax ist eine Hochglanzfi nish-Politur f\u00fcr dauerhaften und brillanten Tiefenglanz.<\/p>\n","protected":false},"featured_media":133099,"comment_status":"open","ping_status":"closed","template":"","meta":{"_exactmetrics_skip_tracking":false,"_exactmetrics_sitenote_active":false,"_exactmetrics_sitenote_note":"","_exactmetrics_sitenote_category":0},"product_brand":[],"product_cat":[50],"product_tag":[],"class_list":{"0":"post-21060","1":"product","2":"type-product","3":"status-publish","4":"has-post-thumbnail","6":"product_cat-lackpflege","8":"first","9":"instock","10":"featured","11":"shipping-taxable","12":"purchasable","13":"product-type-variable"},"_links":{"self":[{"href":"https:\/\/www.xclean.at\/portal\/wp-json\/wp\/v2\/product\/21060"}],"collection":[{"href":"https:\/\/www.xclean.at\/portal\/wp-json\/wp\/v2\/product"}],"about":[{"href":"https:\/\/www.xclean.at\/portal\/wp-json\/wp\/v2\/types\/product"}],"replies":[{"embeddable":true,"href":"https:\/\/www.xclean.at\/portal\/wp-json\/wp\/v2\/comments?post=21060"}],"wp:featuredmedia":[{"embeddable":true,"href":"https:\/\/www.xclean.at\/portal\/wp-json\/wp\/v2\/media\/133099"}],"wp:attachment":[{"href":"https:\/\/www.xclean.at\/portal\/wp-json\/wp\/v2\/media?parent=21060"}],"wp:term":[{"taxonomy":"product_brand","embeddable":true,"href":"https:\/\/www.xclean.at\/portal\/wp-json\/wp\/v2\/product_brand?post=21060"},{"taxonomy":"product_cat","embeddable":true,"href":"https:\/\/www.xclean.at\/portal\/wp-json\/wp\/v2\/product_cat?post=21060"},{"taxonomy":"product_tag","embeddable":true,"href":"https:\/\/www.xclean.at\/portal\/wp-json\/wp\/v2\/product_tag?post=21060"}],"curies":[{"name":"wp","href":"https:\/\/api.w.org\/{rel}","templated":true}]}}