{"id":21064,"date":"2015-11-02T14:06:22","date_gmt":"2015-11-02T13:06:22","guid":{"rendered":"http:\/\/www.xclean.at\/portal\/?post_type=product&#038;p=21064"},"modified":"2018-02-14T00:20:50","modified_gmt":"2018-02-13T23:20:50","slug":"speed-wax-2","status":"publish","type":"product","link":"https:\/\/www.xclean.at\/portal\/produkt\/speed-wax-2\/","title":{"rendered":"Speed Wax"},"content":{"rendered":"<p>Ideal f\u00fcr die schnelle optische Aufbereitung von Neuund Gebrauchtwagen. Speed Wax ist besonders f\u00fcr die schnelle Reinigung von leicht verschmutzten Fahrzeugen geeignet oder f\u00fcr eine Blitzversiegelung nach der Fahrzeugw\u00e4sche. Kann auch auf nassen Oberfl\u00e4chen angewendet werden. Reinigung und Versiegelung in einem Arbeitsgang auf allen lackierten Oberfl\u00e4chen, Kunststoffen, Glas, Chrom, Aluminium uvm. Bringt einen hervorragenden Glanz.<\/p>\n","protected":false},"excerpt":{"rendered":"<p>Ideal f\u00fcr die schnelle optische Aufbereitung von Neuund Gebrauchtwagen.<\/p>\n","protected":false},"featured_media":131999,"comment_status":"open","ping_status":"closed","template":"","meta":{"_exactmetrics_skip_tracking":false,"_exactmetrics_sitenote_active":false,"_exactmetrics_sitenote_note":"","_exactmetrics_sitenote_category":0},"product_brand":[],"product_cat":[50],"product_tag":[],"class_list":{"0":"post-21064","1":"product","2":"type-product","3":"status-publish","4":"has-post-thumbnail","6":"product_cat-lackpflege","8":"first","9":"instock","10":"shipping-taxable","11":"purchasable","12":"product-type-simple"},"_links":{"self":[{"href":"https:\/\/www.xclean.at\/portal\/wp-json\/wp\/v2\/product\/21064"}],"collection":[{"href":"https:\/\/www.xclean.at\/portal\/wp-json\/wp\/v2\/product"}],"about":[{"href":"https:\/\/www.xclean.at\/portal\/wp-json\/wp\/v2\/types\/product"}],"replies":[{"embeddable":true,"href":"https:\/\/www.xclean.at\/portal\/wp-json\/wp\/v2\/comments?post=21064"}],"wp:featuredmedia":[{"embeddable":true,"href":"https:\/\/www.xclean.at\/portal\/wp-json\/wp\/v2\/media\/131999"}],"wp:attachment":[{"href":"https:\/\/www.xclean.at\/portal\/wp-json\/wp\/v2\/media?parent=21064"}],"wp:term":[{"taxonomy":"product_brand","embeddable":true,"href":"https:\/\/www.xclean.at\/portal\/wp-json\/wp\/v2\/product_brand?post=21064"},{"taxonomy":"product_cat","embeddable":true,"href":"https:\/\/www.xclean.at\/portal\/wp-json\/wp\/v2\/product_cat?post=21064"},{"taxonomy":"product_tag","embeddable":true,"href":"https:\/\/www.xclean.at\/portal\/wp-json\/wp\/v2\/product_tag?post=21064"}],"curies":[{"name":"wp","href":"https:\/\/api.w.org\/{rel}","templated":true}]}}