{"id":21066,"date":"2015-11-02T06:30:53","date_gmt":"2015-11-02T05:30:53","guid":{"rendered":"http:\/\/www.xclean.at\/portal\/?post_type=product&#038;p=21066"},"modified":"2018-02-18T17:23:55","modified_gmt":"2018-02-18T16:23:55","slug":"turbo-wax","status":"publish","type":"product","link":"https:\/\/www.xclean.at\/portal\/produkt\/turbo-wax\/","title":{"rendered":"Turbo Wax"},"content":{"rendered":"<p>Schnelle und extra einfache Konservierung f\u00fcr Glanz und Schutz. F\u00fcr alle Lacke. Besonders ideal zum Auffrischen von bereits vorhandenen Versiegelungen, verl\u00e4ngert die Langzeitwirkung, sorgt f\u00fcr eine Farbintensivierung und Wasser-Abperleffekt. um uvm. Bringt einen strahlenden Tiefenglanz auf Lack, Chrom und Glas.<\/p>\n","protected":false},"excerpt":{"rendered":"<p>Schnelle und extra einfache Konservierung f\u00fcr Glanz und Schutz.<\/p>\n","protected":false},"featured_media":131993,"comment_status":"open","ping_status":"closed","template":"","meta":{"_exactmetrics_skip_tracking":false,"_exactmetrics_sitenote_active":false,"_exactmetrics_sitenote_note":"","_exactmetrics_sitenote_category":0},"product_brand":[],"product_cat":[50],"product_tag":[],"class_list":{"0":"post-21066","1":"product","2":"type-product","3":"status-publish","4":"has-post-thumbnail","6":"product_cat-lackpflege","8":"first","9":"instock","10":"featured","11":"shipping-taxable","12":"purchasable","13":"product-type-simple"},"_links":{"self":[{"href":"https:\/\/www.xclean.at\/portal\/wp-json\/wp\/v2\/product\/21066"}],"collection":[{"href":"https:\/\/www.xclean.at\/portal\/wp-json\/wp\/v2\/product"}],"about":[{"href":"https:\/\/www.xclean.at\/portal\/wp-json\/wp\/v2\/types\/product"}],"replies":[{"embeddable":true,"href":"https:\/\/www.xclean.at\/portal\/wp-json\/wp\/v2\/comments?post=21066"}],"wp:featuredmedia":[{"embeddable":true,"href":"https:\/\/www.xclean.at\/portal\/wp-json\/wp\/v2\/media\/131993"}],"wp:attachment":[{"href":"https:\/\/www.xclean.at\/portal\/wp-json\/wp\/v2\/media?parent=21066"}],"wp:term":[{"taxonomy":"product_brand","embeddable":true,"href":"https:\/\/www.xclean.at\/portal\/wp-json\/wp\/v2\/product_brand?post=21066"},{"taxonomy":"product_cat","embeddable":true,"href":"https:\/\/www.xclean.at\/portal\/wp-json\/wp\/v2\/product_cat?post=21066"},{"taxonomy":"product_tag","embeddable":true,"href":"https:\/\/www.xclean.at\/portal\/wp-json\/wp\/v2\/product_tag?post=21066"}],"curies":[{"name":"wp","href":"https:\/\/api.w.org\/{rel}","templated":true}]}}