{"id":21072,"date":"2015-11-02T06:30:19","date_gmt":"2015-11-02T05:30:19","guid":{"rendered":"http:\/\/www.xclean.at\/portal\/?post_type=product&#038;p=21072"},"modified":"2018-02-18T16:04:04","modified_gmt":"2018-02-18T15:04:04","slug":"auto-innenreiniger-2","status":"publish","type":"product","link":"https:\/\/www.xclean.at\/portal\/produkt\/auto-innenreiniger-2\/","title":{"rendered":"Auto Innenreiniger"},"content":{"rendered":"<p>Auto Innen Reiniger wirkt hygienisch effektiv mit Frischeduft. F\u00fcr den gesamten Autoinnenraum. Entfernt schnell und schonend sogar hartn\u00e4ckigen Schmutz an Innenverkleidungen wie Nikotin, Fett, \u00d6l an Cockpit, Polster, Absatzspuren an Verkleidungen uvm. Bringt frischen Duft ins Auto.<\/p>\n","protected":false},"excerpt":{"rendered":"<p>Auto Innen Reiniger wirkt hygienisch effektiv mit Frischeduft .<\/p>\n","protected":false},"featured_media":131930,"comment_status":"open","ping_status":"closed","template":"","meta":{"_exactmetrics_skip_tracking":false,"_exactmetrics_sitenote_active":false,"_exactmetrics_sitenote_note":"","_exactmetrics_sitenote_category":0},"product_brand":[],"product_cat":[51],"product_tag":[],"class_list":{"0":"post-21072","1":"product","2":"type-product","3":"status-publish","4":"has-post-thumbnail","6":"product_cat-innenreinigung","8":"first","9":"instock","10":"shipping-taxable","11":"purchasable","12":"product-type-simple"},"_links":{"self":[{"href":"https:\/\/www.xclean.at\/portal\/wp-json\/wp\/v2\/product\/21072"}],"collection":[{"href":"https:\/\/www.xclean.at\/portal\/wp-json\/wp\/v2\/product"}],"about":[{"href":"https:\/\/www.xclean.at\/portal\/wp-json\/wp\/v2\/types\/product"}],"replies":[{"embeddable":true,"href":"https:\/\/www.xclean.at\/portal\/wp-json\/wp\/v2\/comments?post=21072"}],"wp:featuredmedia":[{"embeddable":true,"href":"https:\/\/www.xclean.at\/portal\/wp-json\/wp\/v2\/media\/131930"}],"wp:attachment":[{"href":"https:\/\/www.xclean.at\/portal\/wp-json\/wp\/v2\/media?parent=21072"}],"wp:term":[{"taxonomy":"product_brand","embeddable":true,"href":"https:\/\/www.xclean.at\/portal\/wp-json\/wp\/v2\/product_brand?post=21072"},{"taxonomy":"product_cat","embeddable":true,"href":"https:\/\/www.xclean.at\/portal\/wp-json\/wp\/v2\/product_cat?post=21072"},{"taxonomy":"product_tag","embeddable":true,"href":"https:\/\/www.xclean.at\/portal\/wp-json\/wp\/v2\/product_tag?post=21072"}],"curies":[{"name":"wp","href":"https:\/\/api.w.org\/{rel}","templated":true}]}}