{"id":21083,"date":"2015-11-02T06:10:45","date_gmt":"2015-11-02T05:10:45","guid":{"rendered":"http:\/\/www.xclean.at\/portal\/?post_type=product&#038;p=21083"},"modified":"2020-02-03T14:49:23","modified_gmt":"2020-02-03T13:49:23","slug":"lederpflege","status":"publish","type":"product","link":"https:\/\/www.xclean.at\/portal\/produkt\/lederpflege\/","title":{"rendered":"Lederpflege"},"content":{"rendered":"<p>Reinigungs- u. Pflegeemulsion f\u00fcr alle Glatt- und Kunstleder wie z.B. Autoinnenraum, Motorrad-Kombis, Taschen, M\u00f6bel usw. F\u00fcr alle Lederfarben geeignet. Entfernt m\u00fchelos Schmutz, \u00d6l, Fett und frischt die Farben auf. H\u00e4lt Leder geschmeidig und griffig, wird nicht rutschig, mit UV-Schutz.<\/p>\n","protected":false},"excerpt":{"rendered":"<p>Reinigungs- u. Pflegeemulsion f\u00fcr alle Glatt- und Kunstleder wie z.B. Autoinnenraum, Motorrad-Kombis, Taschen, M\u00f6bel usw. F\u00fcr alle Lederfarben geeignet.<\/p>\n","protected":false},"featured_media":132232,"comment_status":"open","ping_status":"closed","template":"","meta":{"_exactmetrics_skip_tracking":false,"_exactmetrics_sitenote_active":false,"_exactmetrics_sitenote_note":"","_exactmetrics_sitenote_category":0},"product_brand":[],"product_cat":[51],"product_tag":[],"class_list":{"0":"post-21083","1":"product","2":"type-product","3":"status-publish","4":"has-post-thumbnail","6":"product_cat-innenreinigung","8":"first","9":"instock","10":"shipping-taxable","11":"purchasable","12":"product-type-variable"},"_links":{"self":[{"href":"https:\/\/www.xclean.at\/portal\/wp-json\/wp\/v2\/product\/21083"}],"collection":[{"href":"https:\/\/www.xclean.at\/portal\/wp-json\/wp\/v2\/product"}],"about":[{"href":"https:\/\/www.xclean.at\/portal\/wp-json\/wp\/v2\/types\/product"}],"replies":[{"embeddable":true,"href":"https:\/\/www.xclean.at\/portal\/wp-json\/wp\/v2\/comments?post=21083"}],"wp:featuredmedia":[{"embeddable":true,"href":"https:\/\/www.xclean.at\/portal\/wp-json\/wp\/v2\/media\/132232"}],"wp:attachment":[{"href":"https:\/\/www.xclean.at\/portal\/wp-json\/wp\/v2\/media?parent=21083"}],"wp:term":[{"taxonomy":"product_brand","embeddable":true,"href":"https:\/\/www.xclean.at\/portal\/wp-json\/wp\/v2\/product_brand?post=21083"},{"taxonomy":"product_cat","embeddable":true,"href":"https:\/\/www.xclean.at\/portal\/wp-json\/wp\/v2\/product_cat?post=21083"},{"taxonomy":"product_tag","embeddable":true,"href":"https:\/\/www.xclean.at\/portal\/wp-json\/wp\/v2\/product_tag?post=21083"}],"curies":[{"name":"wp","href":"https:\/\/api.w.org\/{rel}","templated":true}]}}