{"id":21085,"date":"2015-11-02T07:10:53","date_gmt":"2015-11-02T06:10:53","guid":{"rendered":"http:\/\/www.xclean.at\/portal\/?post_type=product&#038;p=21085"},"modified":"2018-02-18T16:41:34","modified_gmt":"2018-02-18T15:41:34","slug":"polsterschaum-reiniger","status":"publish","type":"product","link":"https:\/\/www.xclean.at\/portal\/produkt\/polsterschaum-reiniger\/","title":{"rendered":"Polsterschaum Reiniger"},"content":{"rendered":"<p>Reinigt fasertief und entfernt selbst hartn\u00e4ckige Verschmutzungen aus Polster, Velour, Teppichen und anderen Geweben. Frischt die Farben auf und hinterl\u00e4sst keine Schmutzr\u00e4nder. L\u00e4sst sich m\u00fchelos absaugen. Sch\u00fctzt vor Wiederverschmutzung. F\u00fcr Auto und Haushalt. Mit Geruchskiller.<\/p>\n","protected":false},"excerpt":{"rendered":"<p>Reinigt fasertief und entfernt selbst hartn\u00e4ckige Verschmutzungen aus Polster, Velour, Teppichen und anderen Geweben.<\/p>\n","protected":false},"featured_media":131873,"comment_status":"open","ping_status":"closed","template":"","meta":{"_exactmetrics_skip_tracking":false,"_exactmetrics_sitenote_active":false,"_exactmetrics_sitenote_note":"","_exactmetrics_sitenote_category":0},"product_brand":[],"product_cat":[51],"product_tag":[],"class_list":{"0":"post-21085","1":"product","2":"type-product","3":"status-publish","4":"has-post-thumbnail","6":"product_cat-innenreinigung","8":"first","9":"instock","10":"shipping-taxable","11":"purchasable","12":"product-type-simple"},"_links":{"self":[{"href":"https:\/\/www.xclean.at\/portal\/wp-json\/wp\/v2\/product\/21085"}],"collection":[{"href":"https:\/\/www.xclean.at\/portal\/wp-json\/wp\/v2\/product"}],"about":[{"href":"https:\/\/www.xclean.at\/portal\/wp-json\/wp\/v2\/types\/product"}],"replies":[{"embeddable":true,"href":"https:\/\/www.xclean.at\/portal\/wp-json\/wp\/v2\/comments?post=21085"}],"wp:featuredmedia":[{"embeddable":true,"href":"https:\/\/www.xclean.at\/portal\/wp-json\/wp\/v2\/media\/131873"}],"wp:attachment":[{"href":"https:\/\/www.xclean.at\/portal\/wp-json\/wp\/v2\/media?parent=21085"}],"wp:term":[{"taxonomy":"product_brand","embeddable":true,"href":"https:\/\/www.xclean.at\/portal\/wp-json\/wp\/v2\/product_brand?post=21085"},{"taxonomy":"product_cat","embeddable":true,"href":"https:\/\/www.xclean.at\/portal\/wp-json\/wp\/v2\/product_cat?post=21085"},{"taxonomy":"product_tag","embeddable":true,"href":"https:\/\/www.xclean.at\/portal\/wp-json\/wp\/v2\/product_tag?post=21085"}],"curies":[{"name":"wp","href":"https:\/\/api.w.org\/{rel}","templated":true}]}}