{"id":21089,"date":"2015-11-02T07:06:59","date_gmt":"2015-11-02T06:06:59","guid":{"rendered":"http:\/\/www.xclean.at\/portal\/?post_type=product&#038;p=21089"},"modified":"2018-02-18T16:48:55","modified_gmt":"2018-02-18T15:48:55","slug":"universalreiniger-geruchsstopp-2","status":"publish","type":"product","link":"https:\/\/www.xclean.at\/portal\/produkt\/universalreiniger-geruchsstopp-2\/","title":{"rendered":"Universalreiniger &#038; Geruchsstopp"},"content":{"rendered":"<p>Universalreiniger &amp; Geruchsstopp reinigt glatte Oberfl\u00e4chen wie Kunststoff , Holz, Teppich, Polster, Verkleidungen, Cockpit uvm. Die neue Wirkstoffformel reinigt effektiv und l\u00f6st auch hartn\u00e4ckige Verschmutzungen wie \u00d6l, Fett, Nikotin, Pigmentschmutz, etc. Entfernt \u00fcble Ger\u00fcche wie Nikotin, Fettgeruch uvm. Reinigt streifenfrei und hinterl\u00e4sst keinen Grauschleier. Ideal in Werkstatt und Haushalt einsetzbar.<\/p>\n","protected":false},"excerpt":{"rendered":"<p>Universalreiniger &amp; Geruchsstopp reinigt glatte Oberfl\u00e4chen wie Kunststoff , Holz, Teppich, Polster, Verkleidungen, Cockpit uvm.<\/p>\n","protected":false},"featured_media":132027,"comment_status":"open","ping_status":"closed","template":"","meta":{"_exactmetrics_skip_tracking":false,"_exactmetrics_sitenote_active":false,"_exactmetrics_sitenote_note":"","_exactmetrics_sitenote_category":0},"product_brand":[],"product_cat":[51],"product_tag":[],"class_list":{"0":"post-21089","1":"product","2":"type-product","3":"status-publish","4":"has-post-thumbnail","6":"product_cat-innenreinigung","8":"first","9":"instock","10":"shipping-taxable","11":"purchasable","12":"product-type-simple"},"_links":{"self":[{"href":"https:\/\/www.xclean.at\/portal\/wp-json\/wp\/v2\/product\/21089"}],"collection":[{"href":"https:\/\/www.xclean.at\/portal\/wp-json\/wp\/v2\/product"}],"about":[{"href":"https:\/\/www.xclean.at\/portal\/wp-json\/wp\/v2\/types\/product"}],"replies":[{"embeddable":true,"href":"https:\/\/www.xclean.at\/portal\/wp-json\/wp\/v2\/comments?post=21089"}],"wp:featuredmedia":[{"embeddable":true,"href":"https:\/\/www.xclean.at\/portal\/wp-json\/wp\/v2\/media\/132027"}],"wp:attachment":[{"href":"https:\/\/www.xclean.at\/portal\/wp-json\/wp\/v2\/media?parent=21089"}],"wp:term":[{"taxonomy":"product_brand","embeddable":true,"href":"https:\/\/www.xclean.at\/portal\/wp-json\/wp\/v2\/product_brand?post=21089"},{"taxonomy":"product_cat","embeddable":true,"href":"https:\/\/www.xclean.at\/portal\/wp-json\/wp\/v2\/product_cat?post=21089"},{"taxonomy":"product_tag","embeddable":true,"href":"https:\/\/www.xclean.at\/portal\/wp-json\/wp\/v2\/product_tag?post=21089"}],"curies":[{"name":"wp","href":"https:\/\/api.w.org\/{rel}","templated":true}]}}