{"id":21093,"date":"2015-11-02T15:50:20","date_gmt":"2015-11-02T14:50:20","guid":{"rendered":"http:\/\/www.xclean.at\/portal\/?post_type=product&#038;p=21093"},"modified":"2018-02-10T22:36:44","modified_gmt":"2018-02-10T21:36:44","slug":"reinigungstuch-auto-innen-polster","status":"publish","type":"product","link":"https:\/\/www.xclean.at\/portal\/produkt\/reinigungstuch-auto-innen-polster\/","title":{"rendered":"Reinigungstuch Auto Innen &amp; Polster"},"content":{"rendered":"<p>F\u00fcr den gesamten Autoinnenraum des Fahrzeuges. In der praktischen, wiederverschlie\u00dfbaren PE-Spenderbox sind die T\u00fccher immer griffbereit und vor Austrocknung gesch\u00fctzt. Macht hygienisch sauber und bringt frischen Duft. Entfernt selbst hartn\u00e4ckigen Schmutz wie z.B. \u00d6l, Fett, Smog, Nikotin, Pigmentschmutz auf schonende Art und Weise. Die T\u00fccher sind nicht fettend und k\u00f6nnen auf fast allen Oberfl\u00e4chen angewendet werden. Extrem strapazierf\u00e4hig. Halten selbst rauen Oberfl\u00e4chen stand.<\/p>\n","protected":false},"excerpt":{"rendered":"<p>F\u00fcr den gesamten Autoinnenraum des Fahrzeuges.<\/p>\n","protected":false},"featured_media":131899,"comment_status":"open","ping_status":"closed","template":"","meta":{"_exactmetrics_skip_tracking":false,"_exactmetrics_sitenote_active":false,"_exactmetrics_sitenote_note":"","_exactmetrics_sitenote_category":0},"product_brand":[],"product_cat":[52],"product_tag":[],"class_list":{"0":"post-21093","1":"product","2":"type-product","3":"status-publish","4":"has-post-thumbnail","6":"product_cat-innenreinigung-kunststoff","8":"first","9":"instock","10":"shipping-taxable","11":"purchasable","12":"product-type-simple"},"_links":{"self":[{"href":"https:\/\/www.xclean.at\/portal\/wp-json\/wp\/v2\/product\/21093"}],"collection":[{"href":"https:\/\/www.xclean.at\/portal\/wp-json\/wp\/v2\/product"}],"about":[{"href":"https:\/\/www.xclean.at\/portal\/wp-json\/wp\/v2\/types\/product"}],"replies":[{"embeddable":true,"href":"https:\/\/www.xclean.at\/portal\/wp-json\/wp\/v2\/comments?post=21093"}],"wp:featuredmedia":[{"embeddable":true,"href":"https:\/\/www.xclean.at\/portal\/wp-json\/wp\/v2\/media\/131899"}],"wp:attachment":[{"href":"https:\/\/www.xclean.at\/portal\/wp-json\/wp\/v2\/media?parent=21093"}],"wp:term":[{"taxonomy":"product_brand","embeddable":true,"href":"https:\/\/www.xclean.at\/portal\/wp-json\/wp\/v2\/product_brand?post=21093"},{"taxonomy":"product_cat","embeddable":true,"href":"https:\/\/www.xclean.at\/portal\/wp-json\/wp\/v2\/product_cat?post=21093"},{"taxonomy":"product_tag","embeddable":true,"href":"https:\/\/www.xclean.at\/portal\/wp-json\/wp\/v2\/product_tag?post=21093"}],"curies":[{"name":"wp","href":"https:\/\/api.w.org\/{rel}","templated":true}]}}