{"id":21096,"date":"2015-11-02T15:54:11","date_gmt":"2015-11-02T14:54:11","guid":{"rendered":"http:\/\/www.xclean.at\/portal\/?post_type=product&#038;p=21096"},"modified":"2018-02-10T22:35:28","modified_gmt":"2018-02-10T21:35:28","slug":"reinigungstuch-lederpflege","status":"publish","type":"product","link":"https:\/\/www.xclean.at\/portal\/produkt\/reinigungstuch-lederpflege\/","title":{"rendered":"Reinigungstuch Lederpflege"},"content":{"rendered":"<p>F\u00fcr eine schnelle, einfache und gr\u00fcndliche Reinigung aller Oberfl\u00e4chen aus Glattleder. Mit Pflegesubstanzen, frischt die Farbe auf und sorgt f\u00fcr Schutz und Konservierung des Leders. Das Leder wird wieder weich und geschmeidig. In der praktischen, wiederverschlie\u00dfbaren PE-Spenderbox sind die T\u00fccher immer griffbereit und vor Austrocknung gesch\u00fctzt. Machen hygienisch sauber und bringt frischen Duft . Entfernt selbst hartn\u00e4ckigen Schmutz auf schonende Art und Weise. Extrem strapazierf\u00e4hig.<\/p>\n","protected":false},"excerpt":{"rendered":"<p>F\u00fcr eine schnelle, einfache und gr\u00fcndliche Reinigung aller Oberfl\u00e4chen aus Glattleder.<\/p>\n","protected":false},"featured_media":131897,"comment_status":"open","ping_status":"closed","template":"","meta":{"_exactmetrics_skip_tracking":false,"_exactmetrics_sitenote_active":false,"_exactmetrics_sitenote_note":"","_exactmetrics_sitenote_category":0},"product_brand":[],"product_cat":[52],"product_tag":[],"class_list":{"0":"post-21096","1":"product","2":"type-product","3":"status-publish","4":"has-post-thumbnail","6":"product_cat-innenreinigung-kunststoff","8":"first","9":"instock","10":"shipping-taxable","11":"purchasable","12":"product-type-simple"},"_links":{"self":[{"href":"https:\/\/www.xclean.at\/portal\/wp-json\/wp\/v2\/product\/21096"}],"collection":[{"href":"https:\/\/www.xclean.at\/portal\/wp-json\/wp\/v2\/product"}],"about":[{"href":"https:\/\/www.xclean.at\/portal\/wp-json\/wp\/v2\/types\/product"}],"replies":[{"embeddable":true,"href":"https:\/\/www.xclean.at\/portal\/wp-json\/wp\/v2\/comments?post=21096"}],"wp:featuredmedia":[{"embeddable":true,"href":"https:\/\/www.xclean.at\/portal\/wp-json\/wp\/v2\/media\/131897"}],"wp:attachment":[{"href":"https:\/\/www.xclean.at\/portal\/wp-json\/wp\/v2\/media?parent=21096"}],"wp:term":[{"taxonomy":"product_brand","embeddable":true,"href":"https:\/\/www.xclean.at\/portal\/wp-json\/wp\/v2\/product_brand?post=21096"},{"taxonomy":"product_cat","embeddable":true,"href":"https:\/\/www.xclean.at\/portal\/wp-json\/wp\/v2\/product_cat?post=21096"},{"taxonomy":"product_tag","embeddable":true,"href":"https:\/\/www.xclean.at\/portal\/wp-json\/wp\/v2\/product_tag?post=21096"}],"curies":[{"name":"wp","href":"https:\/\/api.w.org\/{rel}","templated":true}]}}