{"id":21103,"date":"2015-11-02T15:59:31","date_gmt":"2015-11-02T14:59:31","guid":{"rendered":"http:\/\/www.xclean.at\/portal\/?post_type=product&#038;p=21103"},"modified":"2018-02-10T22:32:28","modified_gmt":"2018-02-10T21:32:28","slug":"reinigungstuch-kunststoff-glaenzend","status":"publish","type":"product","link":"https:\/\/www.xclean.at\/portal\/produkt\/reinigungstuch-kunststoff-glaenzend\/","title":{"rendered":"Reinigungstuch Kunststoff gl\u00e4nzend"},"content":{"rendered":"<p>F\u00fcr Cockpit, Kunststoff innen und au\u00dfen, sowie die Innenverkleidungen. In der praktischen, wiederverschlie\u00dfbaren PE-Spenderbox sind die T\u00fccher immer griffbereit und vor Austrocknung gesch\u00fctzt. Machen hygienisch sauber und bringen frischen Duft . Sch\u00fctzen die Kunststoffteile vor Br\u00fcchig werden und sorgen f\u00fcr einen EASY-TO-CLEAN-EFFEKT. Verleiht dem Innenraum ein sauberes Aussehen. Sorgt f\u00fcr einen angenehm frischen Duft . Extrem strapazierf\u00e4hig. Halten selbst rauen Oberfl\u00e4chen stand.<\/p>\n","protected":false},"excerpt":{"rendered":"<p>F\u00fcr Cockpit, Kunststoff innen und au\u00dfen, sowie die Innenverkleidungen.<\/p>\n","protected":false},"featured_media":131893,"comment_status":"open","ping_status":"closed","template":"","meta":{"_exactmetrics_skip_tracking":false,"_exactmetrics_sitenote_active":false,"_exactmetrics_sitenote_note":"","_exactmetrics_sitenote_category":0},"product_brand":[],"product_cat":[52],"product_tag":[],"class_list":{"0":"post-21103","1":"product","2":"type-product","3":"status-publish","4":"has-post-thumbnail","6":"product_cat-innenreinigung-kunststoff","8":"first","9":"instock","10":"shipping-taxable","11":"purchasable","12":"product-type-simple"},"_links":{"self":[{"href":"https:\/\/www.xclean.at\/portal\/wp-json\/wp\/v2\/product\/21103"}],"collection":[{"href":"https:\/\/www.xclean.at\/portal\/wp-json\/wp\/v2\/product"}],"about":[{"href":"https:\/\/www.xclean.at\/portal\/wp-json\/wp\/v2\/types\/product"}],"replies":[{"embeddable":true,"href":"https:\/\/www.xclean.at\/portal\/wp-json\/wp\/v2\/comments?post=21103"}],"wp:featuredmedia":[{"embeddable":true,"href":"https:\/\/www.xclean.at\/portal\/wp-json\/wp\/v2\/media\/131893"}],"wp:attachment":[{"href":"https:\/\/www.xclean.at\/portal\/wp-json\/wp\/v2\/media?parent=21103"}],"wp:term":[{"taxonomy":"product_brand","embeddable":true,"href":"https:\/\/www.xclean.at\/portal\/wp-json\/wp\/v2\/product_brand?post=21103"},{"taxonomy":"product_cat","embeddable":true,"href":"https:\/\/www.xclean.at\/portal\/wp-json\/wp\/v2\/product_cat?post=21103"},{"taxonomy":"product_tag","embeddable":true,"href":"https:\/\/www.xclean.at\/portal\/wp-json\/wp\/v2\/product_tag?post=21103"}],"curies":[{"name":"wp","href":"https:\/\/api.w.org\/{rel}","templated":true}]}}