{"id":21107,"date":"2015-11-02T16:03:02","date_gmt":"2015-11-02T15:03:02","guid":{"rendered":"http:\/\/www.xclean.at\/portal\/?post_type=product&#038;p=21107"},"modified":"2018-02-13T23:04:38","modified_gmt":"2018-02-13T22:04:38","slug":"balsam-tiefenpfleger","status":"publish","type":"product","link":"https:\/\/www.xclean.at\/portal\/produkt\/balsam-tiefenpfleger\/","title":{"rendered":"Balsam Tiefenpfleger"},"content":{"rendered":"<p>Reinigt und pflegt alle unlackierten Kunststoff teile im Aussenbereich von Fahrzeugen seidengl\u00e4nzend. Sch\u00fctzt vor br\u00fcchig werden. Reinigt und pflegt auch Autoreifen, wirkt farbauffrischend, h\u00e4lt den Gummi elastisch, erzeugt einen tiefen, satten Glanz. Mit Langzeitwirkung. UV-Schutz. Wasserabweisend. Wirkt staubund schmutzabweisend. Transparent, daher f\u00fcr alle Farben einsetzbar.<\/p>\n","protected":false},"excerpt":{"rendered":"<p>Reinigt und pflegt alle unlackierten Kunststoffteile im Aussenbereich von Fahrzeugen seidengl\u00e4nzend.<\/p>\n","protected":false},"featured_media":131939,"comment_status":"open","ping_status":"closed","template":"","meta":{"_exactmetrics_skip_tracking":false,"_exactmetrics_sitenote_active":false,"_exactmetrics_sitenote_note":"","_exactmetrics_sitenote_category":0},"product_brand":[],"product_cat":[52],"product_tag":[],"class_list":{"0":"post-21107","1":"product","2":"type-product","3":"status-publish","4":"has-post-thumbnail","6":"product_cat-innenreinigung-kunststoff","8":"first","9":"instock","10":"shipping-taxable","11":"purchasable","12":"product-type-simple"},"_links":{"self":[{"href":"https:\/\/www.xclean.at\/portal\/wp-json\/wp\/v2\/product\/21107"}],"collection":[{"href":"https:\/\/www.xclean.at\/portal\/wp-json\/wp\/v2\/product"}],"about":[{"href":"https:\/\/www.xclean.at\/portal\/wp-json\/wp\/v2\/types\/product"}],"replies":[{"embeddable":true,"href":"https:\/\/www.xclean.at\/portal\/wp-json\/wp\/v2\/comments?post=21107"}],"wp:featuredmedia":[{"embeddable":true,"href":"https:\/\/www.xclean.at\/portal\/wp-json\/wp\/v2\/media\/131939"}],"wp:attachment":[{"href":"https:\/\/www.xclean.at\/portal\/wp-json\/wp\/v2\/media?parent=21107"}],"wp:term":[{"taxonomy":"product_brand","embeddable":true,"href":"https:\/\/www.xclean.at\/portal\/wp-json\/wp\/v2\/product_brand?post=21107"},{"taxonomy":"product_cat","embeddable":true,"href":"https:\/\/www.xclean.at\/portal\/wp-json\/wp\/v2\/product_cat?post=21107"},{"taxonomy":"product_tag","embeddable":true,"href":"https:\/\/www.xclean.at\/portal\/wp-json\/wp\/v2\/product_tag?post=21107"}],"curies":[{"name":"wp","href":"https:\/\/api.w.org\/{rel}","templated":true}]}}