{"id":21109,"date":"2015-11-02T16:04:43","date_gmt":"2015-11-02T15:04:43","guid":{"rendered":"http:\/\/www.xclean.at\/portal\/?post_type=product&#038;p=21109"},"modified":"2018-02-14T00:09:19","modified_gmt":"2018-02-13T23:09:19","slug":"tiefenpfleger-2","status":"publish","type":"product","link":"https:\/\/www.xclean.at\/portal\/produkt\/tiefenpfleger-2\/","title":{"rendered":"Tiefenpfleger"},"content":{"rendered":"<p>Tiefenpfleger pflegt und sch\u00fctzt alle Oberfl\u00e4chen aus Kunststoff , Gummi und Vinyl. Bringt seidenmatten Glanz und intensiviert die Farbtiefe. Frischt verblasste, verwitterte Kunststoffe und Gummiteile wieder auf. Tiefenpfleger bietet Langzeitschutz vor UV-Strahlen, Neuverschmutzungen, Verblassung und Verwitterung. Wirkt staub- und schmutzabweisend, sowie antistatisch. F\u00fcr Armaturen, Koffer, Taschen, Fensterrahmen, T\u00fcren, Regale, Trennw\u00e4nde, Gartenm\u00f6bel, Sitze und Verkleidungen in Fahrzeugen, Booten, u.v.m.<\/p>\n","protected":false},"excerpt":{"rendered":"<p>Tiefenpfleger pflegt und sch\u00fctzt alle Oberfl\u00e4chen aus Kunststoff , Gummi und Vinyl.<\/p>\n","protected":false},"featured_media":132021,"comment_status":"open","ping_status":"closed","template":"","meta":{"_exactmetrics_skip_tracking":false,"_exactmetrics_sitenote_active":false,"_exactmetrics_sitenote_note":"","_exactmetrics_sitenote_category":0},"product_brand":[],"product_cat":[52],"product_tag":[],"class_list":{"0":"post-21109","1":"product","2":"type-product","3":"status-publish","4":"has-post-thumbnail","6":"product_cat-innenreinigung-kunststoff","8":"first","9":"instock","10":"shipping-taxable","11":"purchasable","12":"product-type-simple"},"_links":{"self":[{"href":"https:\/\/www.xclean.at\/portal\/wp-json\/wp\/v2\/product\/21109"}],"collection":[{"href":"https:\/\/www.xclean.at\/portal\/wp-json\/wp\/v2\/product"}],"about":[{"href":"https:\/\/www.xclean.at\/portal\/wp-json\/wp\/v2\/types\/product"}],"replies":[{"embeddable":true,"href":"https:\/\/www.xclean.at\/portal\/wp-json\/wp\/v2\/comments?post=21109"}],"wp:featuredmedia":[{"embeddable":true,"href":"https:\/\/www.xclean.at\/portal\/wp-json\/wp\/v2\/media\/132021"}],"wp:attachment":[{"href":"https:\/\/www.xclean.at\/portal\/wp-json\/wp\/v2\/media?parent=21109"}],"wp:term":[{"taxonomy":"product_brand","embeddable":true,"href":"https:\/\/www.xclean.at\/portal\/wp-json\/wp\/v2\/product_brand?post=21109"},{"taxonomy":"product_cat","embeddable":true,"href":"https:\/\/www.xclean.at\/portal\/wp-json\/wp\/v2\/product_cat?post=21109"},{"taxonomy":"product_tag","embeddable":true,"href":"https:\/\/www.xclean.at\/portal\/wp-json\/wp\/v2\/product_tag?post=21109"}],"curies":[{"name":"wp","href":"https:\/\/api.w.org\/{rel}","templated":true}]}}