{"id":21111,"date":"2015-11-02T16:06:17","date_gmt":"2015-11-02T15:06:17","guid":{"rendered":"http:\/\/www.xclean.at\/portal\/?post_type=product&#038;p=21111"},"modified":"2020-02-03T14:49:40","modified_gmt":"2020-02-03T13:49:40","slug":"gummifrisch","status":"publish","type":"product","link":"https:\/\/www.xclean.at\/portal\/produkt\/gummifrisch\/","title":{"rendered":"Gummifrisch"},"content":{"rendered":"<p>Mattpflege von Reifen, Fu\u00dfmatten, T\u00fcrdichtungen, Gummimatten etc. Verleiht den gepflegten Teilen eine h\u00f6here Lebensdauer, mehr Elastizit\u00e4t und Farbtiefe. Geruchsneutral, kann auch im Innenraum angewendet werden. Silikonfrei. Schnellkonservierung f\u00fcr GWA. Sch\u00fctzt vor Ozon und UV. Unsch\u00e4dlich f\u00fcr Chrom, Glas, Gummi und Lack. Auch auf nassen Reifen anwendbar.<\/p>\n","protected":false},"excerpt":{"rendered":"<p>Mattpflege von Reifen, Fu\u00dfmatten, T\u00fcrdichtungen, Gummimatten etc.<\/p>\n","protected":false},"featured_media":133062,"comment_status":"open","ping_status":"closed","template":"","meta":{"_exactmetrics_skip_tracking":false,"_exactmetrics_sitenote_active":false,"_exactmetrics_sitenote_note":"","_exactmetrics_sitenote_category":0},"product_brand":[],"product_cat":[52],"product_tag":[],"class_list":{"0":"post-21111","1":"product","2":"type-product","3":"status-publish","4":"has-post-thumbnail","6":"product_cat-innenreinigung-kunststoff","8":"first","9":"instock","10":"shipping-taxable","11":"purchasable","12":"product-type-simple"},"_links":{"self":[{"href":"https:\/\/www.xclean.at\/portal\/wp-json\/wp\/v2\/product\/21111"}],"collection":[{"href":"https:\/\/www.xclean.at\/portal\/wp-json\/wp\/v2\/product"}],"about":[{"href":"https:\/\/www.xclean.at\/portal\/wp-json\/wp\/v2\/types\/product"}],"replies":[{"embeddable":true,"href":"https:\/\/www.xclean.at\/portal\/wp-json\/wp\/v2\/comments?post=21111"}],"wp:featuredmedia":[{"embeddable":true,"href":"https:\/\/www.xclean.at\/portal\/wp-json\/wp\/v2\/media\/133062"}],"wp:attachment":[{"href":"https:\/\/www.xclean.at\/portal\/wp-json\/wp\/v2\/media?parent=21111"}],"wp:term":[{"taxonomy":"product_brand","embeddable":true,"href":"https:\/\/www.xclean.at\/portal\/wp-json\/wp\/v2\/product_brand?post=21111"},{"taxonomy":"product_cat","embeddable":true,"href":"https:\/\/www.xclean.at\/portal\/wp-json\/wp\/v2\/product_cat?post=21111"},{"taxonomy":"product_tag","embeddable":true,"href":"https:\/\/www.xclean.at\/portal\/wp-json\/wp\/v2\/product_tag?post=21111"}],"curies":[{"name":"wp","href":"https:\/\/api.w.org\/{rel}","templated":true}]}}