{"id":21134,"date":"2015-11-02T09:25:16","date_gmt":"2015-11-02T08:25:16","guid":{"rendered":"http:\/\/www.xclean.at\/portal\/?post_type=product&#038;p=21134"},"modified":"2018-02-18T18:15:11","modified_gmt":"2018-02-18T17:15:11","slug":"orangenoelreiniger-2","status":"publish","type":"product","link":"https:\/\/www.xclean.at\/portal\/produkt\/orangenoelreiniger-2\/","title":{"rendered":"Orangen\u00f6lreiniger"},"content":{"rendered":"<p>Konzentriert und verd\u00fcnnt einsetzbar. Entfernt Flecken aus Kleidung, Teppichb\u00f6den und Polster. Auch Kaugummi- und Farbflecken, verharzte Fette, Gummiabrieb auf Fu\u00dfb\u00f6den, Tinte- und Kugelschreiberflecken, Lackund \u00d6lfarben, Klebstoffreste, Nagellack, Maschinen\u00f6l und -Fett, Wachs- und Versiegelungsr\u00fcckst\u00e4nde. Zur Reinigung und Entfettung von Werkzeugen und Maschinen. Idealer Etikettenl\u00f6ser. Beseitigt unangenehme Ger\u00fcche. Mit frischem Orangenduft .<\/p>\n","protected":false},"excerpt":{"rendered":"<p>Konzentriert und verd\u00fcnnt einsetzbar. Entfernt Flecken aus Kleidung, Teppichb\u00f6den und Polster.<\/p>\n","protected":false},"featured_media":132247,"comment_status":"open","ping_status":"closed","template":"","meta":{"_exactmetrics_skip_tracking":false,"_exactmetrics_sitenote_active":false,"_exactmetrics_sitenote_note":"","_exactmetrics_sitenote_category":0},"product_brand":[],"product_cat":[55],"product_tag":[],"class_list":{"0":"post-21134","1":"product","2":"type-product","3":"status-publish","4":"has-post-thumbnail","6":"product_cat-technik-spezialprodukte","8":"first","9":"instock","10":"shipping-taxable","11":"purchasable","12":"product-type-variable"},"_links":{"self":[{"href":"https:\/\/www.xclean.at\/portal\/wp-json\/wp\/v2\/product\/21134"}],"collection":[{"href":"https:\/\/www.xclean.at\/portal\/wp-json\/wp\/v2\/product"}],"about":[{"href":"https:\/\/www.xclean.at\/portal\/wp-json\/wp\/v2\/types\/product"}],"replies":[{"embeddable":true,"href":"https:\/\/www.xclean.at\/portal\/wp-json\/wp\/v2\/comments?post=21134"}],"wp:featuredmedia":[{"embeddable":true,"href":"https:\/\/www.xclean.at\/portal\/wp-json\/wp\/v2\/media\/132247"}],"wp:attachment":[{"href":"https:\/\/www.xclean.at\/portal\/wp-json\/wp\/v2\/media?parent=21134"}],"wp:term":[{"taxonomy":"product_brand","embeddable":true,"href":"https:\/\/www.xclean.at\/portal\/wp-json\/wp\/v2\/product_brand?post=21134"},{"taxonomy":"product_cat","embeddable":true,"href":"https:\/\/www.xclean.at\/portal\/wp-json\/wp\/v2\/product_cat?post=21134"},{"taxonomy":"product_tag","embeddable":true,"href":"https:\/\/www.xclean.at\/portal\/wp-json\/wp\/v2\/product_tag?post=21134"}],"curies":[{"name":"wp","href":"https:\/\/api.w.org\/{rel}","templated":true}]}}