{"id":21152,"date":"2015-11-02T16:49:57","date_gmt":"2015-11-02T15:49:57","guid":{"rendered":"http:\/\/www.xclean.at\/portal\/?post_type=product&#038;p=21152"},"modified":"2020-01-08T11:20:23","modified_gmt":"2020-01-08T10:20:23","slug":"microfaser-tuch-supersoft","status":"publish","type":"product","link":"https:\/\/www.xclean.at\/portal\/produkt\/microfaser-tuch-supersoft\/","title":{"rendered":"Microfaser Tuch supersoft"},"content":{"rendered":"<p>Feines Microfasertuch in Profiqualit\u00e4t. 40 x 40 cm gro\u00df. Ideal zur streifenfreien Reinigung aller glatten Oberfl\u00e4chen. Nebelfeucht und trocken einsetzbar. Gr\u00fcndliche Sauberkeit bis in die feinsten Poren. R\u00fcckstandslos. Waschbar bei 60 \u00b0C. Fusselfrei, hohe Lebensdauer.<\/p>\n","protected":false},"excerpt":{"rendered":"<p>Feines Microfasertuch in Profiqualit\u00e4t. 40 x 40 cm gro\u00df.<\/p>\n","protected":false},"featured_media":133235,"comment_status":"open","ping_status":"closed","template":"","meta":{"_exactmetrics_skip_tracking":false,"_exactmetrics_sitenote_active":false,"_exactmetrics_sitenote_note":"","_exactmetrics_sitenote_category":0},"product_brand":[],"product_cat":[59,54],"product_tag":[],"class_list":{"0":"post-21152","1":"product","2":"type-product","3":"status-publish","4":"has-post-thumbnail","6":"product_cat-wischtuecher-papier","7":"product_cat-waschhilfsmittel-tuecher","9":"first","10":"instock","11":"shipping-taxable","12":"purchasable","13":"product-type-simple"},"_links":{"self":[{"href":"https:\/\/www.xclean.at\/portal\/wp-json\/wp\/v2\/product\/21152"}],"collection":[{"href":"https:\/\/www.xclean.at\/portal\/wp-json\/wp\/v2\/product"}],"about":[{"href":"https:\/\/www.xclean.at\/portal\/wp-json\/wp\/v2\/types\/product"}],"replies":[{"embeddable":true,"href":"https:\/\/www.xclean.at\/portal\/wp-json\/wp\/v2\/comments?post=21152"}],"wp:featuredmedia":[{"embeddable":true,"href":"https:\/\/www.xclean.at\/portal\/wp-json\/wp\/v2\/media\/133235"}],"wp:attachment":[{"href":"https:\/\/www.xclean.at\/portal\/wp-json\/wp\/v2\/media?parent=21152"}],"wp:term":[{"taxonomy":"product_brand","embeddable":true,"href":"https:\/\/www.xclean.at\/portal\/wp-json\/wp\/v2\/product_brand?post=21152"},{"taxonomy":"product_cat","embeddable":true,"href":"https:\/\/www.xclean.at\/portal\/wp-json\/wp\/v2\/product_cat?post=21152"},{"taxonomy":"product_tag","embeddable":true,"href":"https:\/\/www.xclean.at\/portal\/wp-json\/wp\/v2\/product_tag?post=21152"}],"curies":[{"name":"wp","href":"https:\/\/api.w.org\/{rel}","templated":true}]}}