{"id":21156,"date":"2015-11-02T16:53:40","date_gmt":"2015-11-02T15:53:40","guid":{"rendered":"http:\/\/www.xclean.at\/portal\/?post_type=product&#038;p=21156"},"modified":"2015-11-16T06:00:02","modified_gmt":"2015-11-16T05:00:02","slug":"autoschwamm-halbrund-2","status":"publish","type":"product","link":"https:\/\/www.xclean.at\/portal\/produkt\/autoschwamm-halbrund-2\/","title":{"rendered":"Autoschwamm halbrund"},"content":{"rendered":"<p>Idealer Pflegehelfer, dauerhaft , mit Spezialstruktur zur optimalen Schmutzl\u00f6sung. Unempfindlich gegen schwache S\u00e4uren und Laugen. Kratzfrei, auch f\u00fcr empfindliche Lacke geeignet. Umweltgerecht, enth\u00e4lt kein FCKW.<\/p>\n","protected":false},"excerpt":{"rendered":"<p>Idealer Pflegehelfer, dauerhaft , mit Spezialstruktur zur optimalen Schmutzl\u00f6sung.<\/p>\n","protected":false},"featured_media":21157,"comment_status":"open","ping_status":"closed","template":"","meta":{"_exactmetrics_skip_tracking":false,"_exactmetrics_sitenote_active":false,"_exactmetrics_sitenote_note":"","_exactmetrics_sitenote_category":0},"product_brand":[],"product_cat":[54],"product_tag":[],"class_list":{"0":"post-21156","1":"product","2":"type-product","3":"status-publish","4":"has-post-thumbnail","6":"product_cat-waschhilfsmittel-tuecher","8":"first","9":"instock","10":"shipping-taxable","11":"purchasable","12":"product-type-simple"},"_links":{"self":[{"href":"https:\/\/www.xclean.at\/portal\/wp-json\/wp\/v2\/product\/21156"}],"collection":[{"href":"https:\/\/www.xclean.at\/portal\/wp-json\/wp\/v2\/product"}],"about":[{"href":"https:\/\/www.xclean.at\/portal\/wp-json\/wp\/v2\/types\/product"}],"replies":[{"embeddable":true,"href":"https:\/\/www.xclean.at\/portal\/wp-json\/wp\/v2\/comments?post=21156"}],"wp:featuredmedia":[{"embeddable":true,"href":"https:\/\/www.xclean.at\/portal\/wp-json\/wp\/v2\/media\/21157"}],"wp:attachment":[{"href":"https:\/\/www.xclean.at\/portal\/wp-json\/wp\/v2\/media?parent=21156"}],"wp:term":[{"taxonomy":"product_brand","embeddable":true,"href":"https:\/\/www.xclean.at\/portal\/wp-json\/wp\/v2\/product_brand?post=21156"},{"taxonomy":"product_cat","embeddable":true,"href":"https:\/\/www.xclean.at\/portal\/wp-json\/wp\/v2\/product_cat?post=21156"},{"taxonomy":"product_tag","embeddable":true,"href":"https:\/\/www.xclean.at\/portal\/wp-json\/wp\/v2\/product_tag?post=21156"}],"curies":[{"name":"wp","href":"https:\/\/api.w.org\/{rel}","templated":true}]}}