{"id":21160,"date":"2015-11-02T16:56:50","date_gmt":"2015-11-02T15:56:50","guid":{"rendered":"http:\/\/www.xclean.at\/portal\/?post_type=product&#038;p=21160"},"modified":"2020-01-08T11:37:19","modified_gmt":"2020-01-08T10:37:19","slug":"cockpit-pflegetuch","status":"publish","type":"product","link":"https:\/\/www.xclean.at\/portal\/produkt\/cockpit-pflegetuch\/","title":{"rendered":"Cockpit Pflegetuch"},"content":{"rendered":"<p>F\u00fcr schnelle und unkomplizierte Pflege. Abwischen &#8211; fertig. F\u00fcr Kunststoff &#8211; und Holzarmaturen. Mit Spezial- Impr\u00e4gnierung, extra weich. Antistatisch. Dauerhaft , fusselfrei, mit Spezialstaubhaftung. Sch\u00fctzt vor Wiederverschmutzung.<\/p>\n","protected":false},"excerpt":{"rendered":"<p>F\u00fcr schnelle und unkomplizierte Pflege. Abwischen &#8211; fertig.<\/p>\n","protected":false},"featured_media":133245,"comment_status":"open","ping_status":"closed","template":"","meta":{"_exactmetrics_skip_tracking":false,"_exactmetrics_sitenote_active":false,"_exactmetrics_sitenote_note":"","_exactmetrics_sitenote_category":0},"product_brand":[],"product_cat":[54],"product_tag":[],"class_list":{"0":"post-21160","1":"product","2":"type-product","3":"status-publish","4":"has-post-thumbnail","6":"product_cat-waschhilfsmittel-tuecher","8":"first","9":"instock","10":"shipping-taxable","11":"purchasable","12":"product-type-simple"},"_links":{"self":[{"href":"https:\/\/www.xclean.at\/portal\/wp-json\/wp\/v2\/product\/21160"}],"collection":[{"href":"https:\/\/www.xclean.at\/portal\/wp-json\/wp\/v2\/product"}],"about":[{"href":"https:\/\/www.xclean.at\/portal\/wp-json\/wp\/v2\/types\/product"}],"replies":[{"embeddable":true,"href":"https:\/\/www.xclean.at\/portal\/wp-json\/wp\/v2\/comments?post=21160"}],"wp:featuredmedia":[{"embeddable":true,"href":"https:\/\/www.xclean.at\/portal\/wp-json\/wp\/v2\/media\/133245"}],"wp:attachment":[{"href":"https:\/\/www.xclean.at\/portal\/wp-json\/wp\/v2\/media?parent=21160"}],"wp:term":[{"taxonomy":"product_brand","embeddable":true,"href":"https:\/\/www.xclean.at\/portal\/wp-json\/wp\/v2\/product_brand?post=21160"},{"taxonomy":"product_cat","embeddable":true,"href":"https:\/\/www.xclean.at\/portal\/wp-json\/wp\/v2\/product_cat?post=21160"},{"taxonomy":"product_tag","embeddable":true,"href":"https:\/\/www.xclean.at\/portal\/wp-json\/wp\/v2\/product_tag?post=21160"}],"curies":[{"name":"wp","href":"https:\/\/api.w.org\/{rel}","templated":true}]}}