{"id":21162,"date":"2015-11-02T09:10:47","date_gmt":"2015-11-02T08:10:47","guid":{"rendered":"http:\/\/www.xclean.at\/portal\/?post_type=product&#038;p=21162"},"modified":"2018-02-18T18:18:02","modified_gmt":"2018-02-18T17:18:02","slug":"motor-kaltreiniger","status":"publish","type":"product","link":"https:\/\/www.xclean.at\/portal\/produkt\/motor-kaltreiniger\/","title":{"rendered":"Motor &amp; Kaltreiniger"},"content":{"rendered":"<p>Konzentrierter Schnellreiniger. Beseitigt schnell und zuverl\u00e4ssig alle \u00d6l-, Fett- und Pigmentverschmutzungen von Motoren, Maschinen, Aggregaten und Werkzeugen. Sehr gut kriechf\u00e4hig, erreicht somit auch schwer zug\u00e4ngliche Stellen. Mit Verdunstungsverz\u00f6gerer.<\/p>\n","protected":false},"excerpt":{"rendered":"<p>Konzentrierter Schnellreiniger. Beseitigt schnell und zuverl\u00e4ssig alle \u00d6l-, Fett- und Pigmentverschmutzungen von Motoren, Maschinen, Aggregaten und Werkzeugen.<\/p>\n","protected":false},"featured_media":131857,"comment_status":"open","ping_status":"closed","template":"","meta":{"_exactmetrics_skip_tracking":false,"_exactmetrics_sitenote_active":false,"_exactmetrics_sitenote_note":"","_exactmetrics_sitenote_category":0},"product_brand":[],"product_cat":[55],"product_tag":[],"class_list":{"0":"post-21162","1":"product","2":"type-product","3":"status-publish","4":"has-post-thumbnail","6":"product_cat-technik-spezialprodukte","8":"first","9":"instock","10":"shipping-taxable","11":"purchasable","12":"product-type-simple"},"_links":{"self":[{"href":"https:\/\/www.xclean.at\/portal\/wp-json\/wp\/v2\/product\/21162"}],"collection":[{"href":"https:\/\/www.xclean.at\/portal\/wp-json\/wp\/v2\/product"}],"about":[{"href":"https:\/\/www.xclean.at\/portal\/wp-json\/wp\/v2\/types\/product"}],"replies":[{"embeddable":true,"href":"https:\/\/www.xclean.at\/portal\/wp-json\/wp\/v2\/comments?post=21162"}],"wp:featuredmedia":[{"embeddable":true,"href":"https:\/\/www.xclean.at\/portal\/wp-json\/wp\/v2\/media\/131857"}],"wp:attachment":[{"href":"https:\/\/www.xclean.at\/portal\/wp-json\/wp\/v2\/media?parent=21162"}],"wp:term":[{"taxonomy":"product_brand","embeddable":true,"href":"https:\/\/www.xclean.at\/portal\/wp-json\/wp\/v2\/product_brand?post=21162"},{"taxonomy":"product_cat","embeddable":true,"href":"https:\/\/www.xclean.at\/portal\/wp-json\/wp\/v2\/product_cat?post=21162"},{"taxonomy":"product_tag","embeddable":true,"href":"https:\/\/www.xclean.at\/portal\/wp-json\/wp\/v2\/product_tag?post=21162"}],"curies":[{"name":"wp","href":"https:\/\/api.w.org\/{rel}","templated":true}]}}