{"id":24024,"date":"2016-03-02T06:13:04","date_gmt":"2016-03-02T05:13:04","guid":{"rendered":"http:\/\/www.xclean.at\/portal\/shop\/polier-tuch-fleecy\/"},"modified":"2020-02-03T14:49:23","modified_gmt":"2020-02-03T13:49:23","slug":"polier-tuch-fleecy","status":"publish","type":"product","link":"https:\/\/www.xclean.at\/portal\/produkt\/polier-tuch-fleecy\/","title":{"rendered":"Polier Tuch FLEECY"},"content":{"rendered":"<p>Ultraflauschiges Poliertuch ist ideal zur Verarbeitung von Polituren, Wachse, Versiegelungen. Sorgt durch seine Struktur als Glanzverst\u00e4rker. Die extra weiche,langfaserige, doppelseitig verarbeitete Microfaser ist perfekt f\u00fcr alle Polierarbeiten. Dieses hochflorige Tuch mit einem Fl\u00e4chengewicht von ca. 600 g\/qm hat extra weiche, lange Fasern. Waschbar bis +40\u00b0 C.<\/p>\n","protected":false},"excerpt":{"rendered":"<p>Profi -Microfaser-Tuch. Entfernt Polierr\u00fcckst\u00e4nde ohne Microkratzer.<\/p>\n","protected":false},"featured_media":133241,"comment_status":"open","ping_status":"closed","template":"","meta":{"_exactmetrics_skip_tracking":false,"_exactmetrics_sitenote_active":false,"_exactmetrics_sitenote_note":"","_exactmetrics_sitenote_category":0},"product_brand":[],"product_cat":[47,59],"product_tag":[],"class_list":{"0":"post-24024","1":"product","2":"type-product","3":"status-publish","4":"has-post-thumbnail","6":"product_cat-lackaufbereitung","7":"product_cat-wischtuecher-papier","9":"first","10":"instock","11":"shipping-taxable","12":"purchasable","13":"product-type-simple"},"_links":{"self":[{"href":"https:\/\/www.xclean.at\/portal\/wp-json\/wp\/v2\/product\/24024"}],"collection":[{"href":"https:\/\/www.xclean.at\/portal\/wp-json\/wp\/v2\/product"}],"about":[{"href":"https:\/\/www.xclean.at\/portal\/wp-json\/wp\/v2\/types\/product"}],"replies":[{"embeddable":true,"href":"https:\/\/www.xclean.at\/portal\/wp-json\/wp\/v2\/comments?post=24024"}],"wp:featuredmedia":[{"embeddable":true,"href":"https:\/\/www.xclean.at\/portal\/wp-json\/wp\/v2\/media\/133241"}],"wp:attachment":[{"href":"https:\/\/www.xclean.at\/portal\/wp-json\/wp\/v2\/media?parent=24024"}],"wp:term":[{"taxonomy":"product_brand","embeddable":true,"href":"https:\/\/www.xclean.at\/portal\/wp-json\/wp\/v2\/product_brand?post=24024"},{"taxonomy":"product_cat","embeddable":true,"href":"https:\/\/www.xclean.at\/portal\/wp-json\/wp\/v2\/product_cat?post=24024"},{"taxonomy":"product_tag","embeddable":true,"href":"https:\/\/www.xclean.at\/portal\/wp-json\/wp\/v2\/product_tag?post=24024"}],"curies":[{"name":"wp","href":"https:\/\/api.w.org\/{rel}","templated":true}]}}