{"id":24028,"date":"2016-03-02T06:27:36","date_gmt":"2016-03-02T05:27:36","guid":{"rendered":"http:\/\/www.xclean.at\/portal\/shop\/microfaser-laser-poliertuch\/"},"modified":"2020-02-03T14:49:23","modified_gmt":"2020-02-03T13:49:23","slug":"microfaser-laser-poliertuch","status":"publish","type":"product","link":"https:\/\/www.xclean.at\/portal\/produkt\/microfaser-laser-poliertuch\/","title":{"rendered":"Microfaser Laser Poliertuch"},"content":{"rendered":"<p>Exzellentes Poliertuch mit 2 verschiedenen Seiten. Silikonfrei. Mit Ultraschallkante und hat somit keine st\u00f6rende Einfassung. Mit geklebten Waschhinweisetikett. Extra flauschige Profi-Qualit\u00e4t mit langer Standzeit. Hoher Flor und zuverl\u00e4ssige Aufnahme von Polituren, Wachsen und Versiegelungen. Dieses Profi-Tuch ist bei korrekter Anwendung zu 100% kratzfrei, sehr aufnahmef\u00e4hig, hinterl\u00e4sst keine Schlieren, Microkratzer oder Hologramme. Waschbar bis 60\u00b0C .<\/p>\n","protected":false},"excerpt":{"rendered":"<p>Profi -Microfaser-Tuch. Entfernt Polierr\u00fcckst\u00e4nde ohne Microkratzer.<\/p>\n","protected":false},"featured_media":133239,"comment_status":"open","ping_status":"closed","template":"","meta":{"_exactmetrics_skip_tracking":false,"_exactmetrics_sitenote_active":false,"_exactmetrics_sitenote_note":"","_exactmetrics_sitenote_category":0},"product_brand":[],"product_cat":[47,59],"product_tag":[],"class_list":{"0":"post-24028","1":"product","2":"type-product","3":"status-publish","4":"has-post-thumbnail","6":"product_cat-lackaufbereitung","7":"product_cat-wischtuecher-papier","9":"first","10":"instock","11":"shipping-taxable","12":"purchasable","13":"product-type-simple"},"_links":{"self":[{"href":"https:\/\/www.xclean.at\/portal\/wp-json\/wp\/v2\/product\/24028"}],"collection":[{"href":"https:\/\/www.xclean.at\/portal\/wp-json\/wp\/v2\/product"}],"about":[{"href":"https:\/\/www.xclean.at\/portal\/wp-json\/wp\/v2\/types\/product"}],"replies":[{"embeddable":true,"href":"https:\/\/www.xclean.at\/portal\/wp-json\/wp\/v2\/comments?post=24028"}],"wp:featuredmedia":[{"embeddable":true,"href":"https:\/\/www.xclean.at\/portal\/wp-json\/wp\/v2\/media\/133239"}],"wp:attachment":[{"href":"https:\/\/www.xclean.at\/portal\/wp-json\/wp\/v2\/media?parent=24028"}],"wp:term":[{"taxonomy":"product_brand","embeddable":true,"href":"https:\/\/www.xclean.at\/portal\/wp-json\/wp\/v2\/product_brand?post=24028"},{"taxonomy":"product_cat","embeddable":true,"href":"https:\/\/www.xclean.at\/portal\/wp-json\/wp\/v2\/product_cat?post=24028"},{"taxonomy":"product_tag","embeddable":true,"href":"https:\/\/www.xclean.at\/portal\/wp-json\/wp\/v2\/product_tag?post=24028"}],"curies":[{"name":"wp","href":"https:\/\/api.w.org\/{rel}","templated":true}]}}