{"id":24046,"date":"2016-03-01T07:03:37","date_gmt":"2016-03-01T06:03:37","guid":{"rendered":"http:\/\/www.xclean.at\/portal\/shop\/magic-duo\/"},"modified":"2021-04-02T09:29:42","modified_gmt":"2021-04-02T07:29:42","slug":"magic-duo","status":"publish","type":"product","link":"https:\/\/www.xclean.at\/portal\/produkt\/magic-duo\/","title":{"rendered":"Magic Duo Clay Handschuh"},"content":{"rendered":"<p>Magic Duo ist ein zweiseitig anwendbarer Clay-Handschuh. Er reinigt und gl\u00e4ttet die Lackoberfl\u00e4chen. Entfernt Flugrost, Spr\u00fchnebel, Teer, Baumharz udgl. H\u00e4lt f\u00fcr bis zu 60 Fahrzeuge. Einfaches Reinigen durch Absp\u00fclen der aufgenommenen Verunreinigungen mit Wasser. Sorgt f\u00fcr enorme Zeitersparnis bei einfachster Anwendung. Festhaftende Verschmutzungen werden direkt bei der Handw\u00e4sche entfernt.<\/p>\n","protected":false},"excerpt":{"rendered":"<p>Hochwertiger Clay-Handschuh f\u00fcr die Entfernung von Flugrost, Spr\u00fchnebel, Baumharz und Insektenreste. R\u00fcckseite Microfaser.<\/p>\n","protected":false},"featured_media":132002,"comment_status":"open","ping_status":"closed","template":"","meta":{"_exactmetrics_skip_tracking":false,"_exactmetrics_sitenote_active":false,"_exactmetrics_sitenote_note":"","_exactmetrics_sitenote_category":0},"product_brand":[],"product_cat":[47],"product_tag":[],"class_list":{"0":"post-24046","1":"product","2":"type-product","3":"status-publish","4":"has-post-thumbnail","6":"product_cat-lackaufbereitung","8":"first","9":"instock","10":"shipping-taxable","11":"purchasable","12":"product-type-simple"},"_links":{"self":[{"href":"https:\/\/www.xclean.at\/portal\/wp-json\/wp\/v2\/product\/24046"}],"collection":[{"href":"https:\/\/www.xclean.at\/portal\/wp-json\/wp\/v2\/product"}],"about":[{"href":"https:\/\/www.xclean.at\/portal\/wp-json\/wp\/v2\/types\/product"}],"replies":[{"embeddable":true,"href":"https:\/\/www.xclean.at\/portal\/wp-json\/wp\/v2\/comments?post=24046"}],"wp:featuredmedia":[{"embeddable":true,"href":"https:\/\/www.xclean.at\/portal\/wp-json\/wp\/v2\/media\/132002"}],"wp:attachment":[{"href":"https:\/\/www.xclean.at\/portal\/wp-json\/wp\/v2\/media?parent=24046"}],"wp:term":[{"taxonomy":"product_brand","embeddable":true,"href":"https:\/\/www.xclean.at\/portal\/wp-json\/wp\/v2\/product_brand?post=24046"},{"taxonomy":"product_cat","embeddable":true,"href":"https:\/\/www.xclean.at\/portal\/wp-json\/wp\/v2\/product_cat?post=24046"},{"taxonomy":"product_tag","embeddable":true,"href":"https:\/\/www.xclean.at\/portal\/wp-json\/wp\/v2\/product_tag?post=24046"}],"curies":[{"name":"wp","href":"https:\/\/api.w.org\/{rel}","templated":true}]}}