{"id":24770,"date":"2016-11-30T13:00:37","date_gmt":"2016-11-30T12:00:37","guid":{"rendered":"http:\/\/www.xclean.at\/portal\/?post_type=product&#038;p=24770"},"modified":"2021-01-28T15:41:59","modified_gmt":"2021-01-28T14:41:59","slug":"autoparfum-magic-100ml","status":"publish","type":"product","link":"https:\/\/www.xclean.at\/portal\/produkt\/autoparfum-magic-100ml\/","title":{"rendered":"Autoparfum MAGIC Moment"},"content":{"rendered":"<p>Sorgt f\u00fcr angenehmen und lang anhaltenden Duft. Mit AIR-TECH-Technologie, werden schlechte Ger\u00fcche effektiv neutralisiert, die Duftnote sorgt f\u00fcr den angenehmen Geruch. Entfernt unangenehme Ger\u00fcche wie Tieraus\u00add\u00fcnstungen, Zigarettenrauch uvm. Anwend\u00adbar bei Textilien wie Polster, Stoffe, Schuhe, Teppiche, Gardinen, Kleider etc. Die neutra\u00adlisierenden Wirkstoffe sind auf pflanzlicher Basis und binden tiefenwirksam schlechte Ger\u00fcche.<\/p>\n","protected":false},"excerpt":{"rendered":"<p>Sorgt f\u00fcr angenehmen und lang anhaltenden Duft. Mit AIR-TECH-Technologie, werden schlechte Ger\u00fcche effektiv neutralisiert, die Duftnote sorgt f\u00fcr den angenehmen Geruch.<\/p>\n","protected":false},"featured_media":133643,"comment_status":"open","ping_status":"closed","template":"","meta":{"_exactmetrics_skip_tracking":false,"_exactmetrics_sitenote_active":false,"_exactmetrics_sitenote_note":"","_exactmetrics_sitenote_category":0},"product_brand":[],"product_cat":[130],"product_tag":[],"class_list":{"0":"post-24770","1":"product","2":"type-product","3":"status-publish","4":"has-post-thumbnail","6":"product_cat-autoparfum","8":"first","9":"instock","10":"shipping-taxable","11":"product-type-variable"},"_links":{"self":[{"href":"https:\/\/www.xclean.at\/portal\/wp-json\/wp\/v2\/product\/24770"}],"collection":[{"href":"https:\/\/www.xclean.at\/portal\/wp-json\/wp\/v2\/product"}],"about":[{"href":"https:\/\/www.xclean.at\/portal\/wp-json\/wp\/v2\/types\/product"}],"replies":[{"embeddable":true,"href":"https:\/\/www.xclean.at\/portal\/wp-json\/wp\/v2\/comments?post=24770"}],"wp:featuredmedia":[{"embeddable":true,"href":"https:\/\/www.xclean.at\/portal\/wp-json\/wp\/v2\/media\/133643"}],"wp:attachment":[{"href":"https:\/\/www.xclean.at\/portal\/wp-json\/wp\/v2\/media?parent=24770"}],"wp:term":[{"taxonomy":"product_brand","embeddable":true,"href":"https:\/\/www.xclean.at\/portal\/wp-json\/wp\/v2\/product_brand?post=24770"},{"taxonomy":"product_cat","embeddable":true,"href":"https:\/\/www.xclean.at\/portal\/wp-json\/wp\/v2\/product_cat?post=24770"},{"taxonomy":"product_tag","embeddable":true,"href":"https:\/\/www.xclean.at\/portal\/wp-json\/wp\/v2\/product_tag?post=24770"}],"curies":[{"name":"wp","href":"https:\/\/api.w.org\/{rel}","templated":true}]}}