{"id":24799,"date":"2015-11-02T09:55:38","date_gmt":"2015-11-02T08:55:38","guid":{"rendered":"http:\/\/www.xclean.at\/portal\/?post_type=product&#038;p=24799"},"modified":"2023-03-22T09:32:40","modified_gmt":"2023-03-22T08:32:40","slug":"caravan-bootreiniger","status":"publish","type":"product","link":"https:\/\/www.xclean.at\/portal\/produkt\/caravan-bootreiniger\/","title":{"rendered":"Caravan &amp; Bootreiniger"},"content":{"rendered":"<p>Universal Au\u00dfenreiniger f\u00fcr Wohnmobil, Wohn\u00adwagen und Boot. Entfernt Insekten, \u00d6l, Ru\u00df, Salz, Smog, Umweltschmutz und schwarze Regenstreifen problemlos von Lack, Glas und Kunststoff. L\u00f6semit\u00adtelfrei und s\u00e4urefrei. Kraftvolle Reinigung bei idealer Materialvertr\u00e4glichkeit.<\/p>\n","protected":false},"excerpt":{"rendered":"<p>Universal Au\u00dfenreiniger f\u00fcr Wohnmobil, Wohn\u00adwagen und Boot.<\/p>\n","protected":false},"featured_media":131879,"comment_status":"open","ping_status":"closed","template":"","meta":{"_exactmetrics_skip_tracking":false,"_exactmetrics_sitenote_active":false,"_exactmetrics_sitenote_note":"","_exactmetrics_sitenote_category":0},"product_brand":[],"product_cat":[49],"product_tag":[],"class_list":{"0":"post-24799","1":"product","2":"type-product","3":"status-publish","4":"has-post-thumbnail","6":"product_cat-vorreinigung-waesche","8":"first","9":"instock","10":"shipping-taxable","11":"purchasable","12":"product-type-variable"},"_links":{"self":[{"href":"https:\/\/www.xclean.at\/portal\/wp-json\/wp\/v2\/product\/24799"}],"collection":[{"href":"https:\/\/www.xclean.at\/portal\/wp-json\/wp\/v2\/product"}],"about":[{"href":"https:\/\/www.xclean.at\/portal\/wp-json\/wp\/v2\/types\/product"}],"replies":[{"embeddable":true,"href":"https:\/\/www.xclean.at\/portal\/wp-json\/wp\/v2\/comments?post=24799"}],"wp:featuredmedia":[{"embeddable":true,"href":"https:\/\/www.xclean.at\/portal\/wp-json\/wp\/v2\/media\/131879"}],"wp:attachment":[{"href":"https:\/\/www.xclean.at\/portal\/wp-json\/wp\/v2\/media?parent=24799"}],"wp:term":[{"taxonomy":"product_brand","embeddable":true,"href":"https:\/\/www.xclean.at\/portal\/wp-json\/wp\/v2\/product_brand?post=24799"},{"taxonomy":"product_cat","embeddable":true,"href":"https:\/\/www.xclean.at\/portal\/wp-json\/wp\/v2\/product_cat?post=24799"},{"taxonomy":"product_tag","embeddable":true,"href":"https:\/\/www.xclean.at\/portal\/wp-json\/wp\/v2\/product_tag?post=24799"}],"curies":[{"name":"wp","href":"https:\/\/api.w.org\/{rel}","templated":true}]}}