{"id":24835,"date":"2017-02-26T09:25:13","date_gmt":"2017-02-26T08:25:13","guid":{"rendered":"http:\/\/www.xclean.at\/portal\/?post_type=product&#038;p=24835\/"},"modified":"2020-02-03T14:49:40","modified_gmt":"2020-02-03T13:49:40","slug":"nanopur-visable-effect-protection","status":"publish","type":"product","link":"https:\/\/www.xclean.at\/portal\/produkt\/nanopur-visable-effect-protection\/","title":{"rendered":"NANOPUR\u00ae VISABLE  EFFECT  PROTECTION"},"content":{"rendered":"<p>Nanopur<sup>\u00ae<\/sup> ist eine keramisch, hybride Matrixbeschichtung basierend auf einer 3D-Technologie mit Hochleistungspolymeren f\u00fcr den Profianwender. Sorgt f\u00fcr eine wetterbest\u00e4ndige Langzeitversiegelung, ist chemikalienbest\u00e4ndig und erh\u00f6ht die Lackh\u00e4rte. Die transparente Beschichtung sorgt f\u00fcr einen dauerhaften Abperl-Effekt\u00a0 und optimale Farbbrillanz. Die Antischmutzformel sorgt f\u00fcr einen\u00a0 EASY-TO-CLEAN-Effekt. Sch\u00fctzt den Lack je nach Belastung bis zu 30.000 km \/ 12-18\u00a0 Monate.<\/p>\n<p>Bundle Kit: 1 Nanopur<sup>\u00ae<\/sup> 100 ml \/ 1 Control Cleaner 250 ml \/ 2 Microfaser Ultracut \/ 3 Applikationstuch \/ 1 Applikationsschwamm \/2 Nitrilhandschuhe<\/p>\n","protected":false},"excerpt":{"rendered":"<p>Nanopur<sup>\u00ae<\/sup> ist eine keramisch, hybride Matrixbeschichtung basierend auf einer 3D-Technologie mit Hochleistungspolymeren f\u00fcr den Profanwender.<\/p>\n","protected":false},"featured_media":132700,"comment_status":"open","ping_status":"closed","template":"","meta":{"_exactmetrics_skip_tracking":false,"_exactmetrics_sitenote_active":false,"_exactmetrics_sitenote_note":"","_exactmetrics_sitenote_category":0},"product_brand":[],"product_cat":[47],"product_tag":[],"class_list":{"0":"post-24835","1":"product","2":"type-product","3":"status-publish","4":"has-post-thumbnail","6":"product_cat-lackaufbereitung","8":"first","9":"instock","10":"shipping-taxable","11":"purchasable","12":"product-type-simple"},"_links":{"self":[{"href":"https:\/\/www.xclean.at\/portal\/wp-json\/wp\/v2\/product\/24835"}],"collection":[{"href":"https:\/\/www.xclean.at\/portal\/wp-json\/wp\/v2\/product"}],"about":[{"href":"https:\/\/www.xclean.at\/portal\/wp-json\/wp\/v2\/types\/product"}],"replies":[{"embeddable":true,"href":"https:\/\/www.xclean.at\/portal\/wp-json\/wp\/v2\/comments?post=24835"}],"wp:featuredmedia":[{"embeddable":true,"href":"https:\/\/www.xclean.at\/portal\/wp-json\/wp\/v2\/media\/132700"}],"wp:attachment":[{"href":"https:\/\/www.xclean.at\/portal\/wp-json\/wp\/v2\/media?parent=24835"}],"wp:term":[{"taxonomy":"product_brand","embeddable":true,"href":"https:\/\/www.xclean.at\/portal\/wp-json\/wp\/v2\/product_brand?post=24835"},{"taxonomy":"product_cat","embeddable":true,"href":"https:\/\/www.xclean.at\/portal\/wp-json\/wp\/v2\/product_cat?post=24835"},{"taxonomy":"product_tag","embeddable":true,"href":"https:\/\/www.xclean.at\/portal\/wp-json\/wp\/v2\/product_tag?post=24835"}],"curies":[{"name":"wp","href":"https:\/\/api.w.org\/{rel}","templated":true}]}}