{"id":24857,"date":"2015-12-06T09:58:10","date_gmt":"2015-12-06T08:58:10","guid":{"rendered":"http:\/\/www.xclean.at\/portal\/?post_type=product&#038;p=24857\/"},"modified":"2018-02-14T00:50:58","modified_gmt":"2018-02-13T23:50:58","slug":"poliermaschine-minipolisher-akku-set","status":"publish","type":"product","link":"https:\/\/www.xclean.at\/portal\/produkt\/poliermaschine-minipolisher-akku-set\/","title":{"rendered":"Poliermaschine Minipolisher Akku SET"},"content":{"rendered":"<p>Handlicher Mini-Polierer mit Lithium-Ionen-Technologie ist ideal f\u00fcr den Einsatz bei Spot-Repair Arbeiten. Elektronikschalter f\u00fcr stufenlose Drehzahlregulierung. Softhandgriff und gummierter Schalterdr\u00fccker f\u00fcr angenehmes und erm\u00fcdungsarmes Arbeiten. B\u00fcrstenloser Motor mit g\u00fcnstigem Drehmomentverhalten, hohe Leistung und enorme\u00a0 Lebensdauer.<\/p>\n","protected":false},"excerpt":{"rendered":"<p>Handlicher Mini-Polierer mit Lithium-Ionen-Technologie ist ideal f\u00fcr den Einsatz bei Spot-Repair Arbeiten. Elektronikschalter f\u00fcr stufenlose Drehzahlregulierung.<\/p>\n","protected":false},"featured_media":24866,"comment_status":"open","ping_status":"closed","template":"","meta":{"_exactmetrics_skip_tracking":false,"_exactmetrics_sitenote_active":false,"_exactmetrics_sitenote_note":"","_exactmetrics_sitenote_category":0},"product_brand":[],"product_cat":[47],"product_tag":[],"class_list":{"0":"post-24857","1":"product","2":"type-product","3":"status-publish","4":"has-post-thumbnail","6":"product_cat-lackaufbereitung","8":"first","9":"instock","10":"shipping-taxable","11":"purchasable","12":"product-type-simple"},"_links":{"self":[{"href":"https:\/\/www.xclean.at\/portal\/wp-json\/wp\/v2\/product\/24857"}],"collection":[{"href":"https:\/\/www.xclean.at\/portal\/wp-json\/wp\/v2\/product"}],"about":[{"href":"https:\/\/www.xclean.at\/portal\/wp-json\/wp\/v2\/types\/product"}],"replies":[{"embeddable":true,"href":"https:\/\/www.xclean.at\/portal\/wp-json\/wp\/v2\/comments?post=24857"}],"wp:featuredmedia":[{"embeddable":true,"href":"https:\/\/www.xclean.at\/portal\/wp-json\/wp\/v2\/media\/24866"}],"wp:attachment":[{"href":"https:\/\/www.xclean.at\/portal\/wp-json\/wp\/v2\/media?parent=24857"}],"wp:term":[{"taxonomy":"product_brand","embeddable":true,"href":"https:\/\/www.xclean.at\/portal\/wp-json\/wp\/v2\/product_brand?post=24857"},{"taxonomy":"product_cat","embeddable":true,"href":"https:\/\/www.xclean.at\/portal\/wp-json\/wp\/v2\/product_cat?post=24857"},{"taxonomy":"product_tag","embeddable":true,"href":"https:\/\/www.xclean.at\/portal\/wp-json\/wp\/v2\/product_tag?post=24857"}],"curies":[{"name":"wp","href":"https:\/\/api.w.org\/{rel}","templated":true}]}}